{"id":8038,"date":"2024-05-04T11:23:46","date_gmt":"2024-05-04T11:23:46","guid":{"rendered":"https:\/\/www.magicelek.com\/produit\/magic-elek-leuchtenpaket-3-linien-von-1-bis-10-meter\/"},"modified":"2026-04-29T10:47:03","modified_gmt":"2026-04-29T10:47:03","slug":"magic-elek-leuchtenpaket-3-linien-von-1-bis-10-meter","status":"publish","type":"product","link":"https:\/\/www.magicelek.com\/de\/produit\/magic-elek-leuchtenpaket-3-linien-von-1-bis-10-meter\/","title":{"rendered":"MAGIC ELEK &#8211; Leuchtenpaket 3 Linien (von 1 bis 10 Meter)"},"content":{"rendered":"<p><strong>Eine Komplettl\u00f6sung, die unser ultraflaches MAGIC ELEK Kabel mit 3 Leitungen (Phase, Neutral und Erde) von 230V\/16A umfasst. Mit allen notwendigen Zubeh\u00f6rteilen f\u00fcr eine perfekte Installation, OHNE m\u00e4nnliche und weibliche Verbindungsst\u00fccke\/Adapter. Diese L\u00f6sung ist f\u00fcr alle Anwendungen geeignet. Weitere Einzelheiten k\u00f6nnen Sie den Fotos und Videos entnehmen.<\/strong><\/p>\n<p><strong>Enthalten in jedem MAGIC ELEK Paket Leuchte :<\/strong><\/p>\n<p>1 x Magic Elek Ultraflachkabel in der gew\u00fcnschten L\u00e4nge \/ Verf\u00fcgbare L\u00e4ngen: 1m, 2m, 3m, 5m, 10m<br \/>\n2 x Verbinder (Dominosteine + Schutzgeh\u00e4use), die als Adapter dienen, werden mitgeliefert, um die Enden des Kabels mit dem Stromausgang auf der einen Seite und dem elektrischen oder elektronischen Produkt auf der anderen Seite (Leuchte, Fernseher) zu verbinden.<br \/>\n1 x doppelseitiges Klebeband, um das Kabel zu kleben.<br \/>\n2 x doppelseitiges Klebeband, um das Kabel zu verdecken.<br \/>\n 1 x wei\u00dfes Tapetenklebeband zum Abdecken des Kabels, das Sie bei Bedarf \u00fcbermalen k\u00f6nnen.<br \/>\n1 x Schraubenzieher.<br \/>\n1 x Bedienungsanleitung mit Illustrationen.<\/p>\n","protected":false},"excerpt":{"rendered":"<p><strong>Eine Komplettl\u00f6sung, die unser ultraflaches MAGIC ELEK 3-Leiter-Kabel (Phase, Neutral und Erde) mit 230V\/16A umfasst. Zusammen mit m\u00e4nnlichen und weiblichen Steckern\/Adaptern und allem Zubeh\u00f6r, das f\u00fcr eine perfekte Installation erforderlich ist. Diese L\u00f6sung ist f\u00fcr alle Anwendungen geeignet. Weitere Details finden Sie in den Fotos und Videos.   <\/strong><\/p>\n<p>Verf\u00fcgbare L\u00e4ngen: 1m, 2m, 3m, 5m, 10m<\/p>\n","protected":false},"featured_media":8040,"comment_status":"open","ping_status":"closed","template":"elementor_theme","meta":[],"product_brand":[],"product_cat":[150,140],"product_tag":[],"class_list":{"0":"post-8038","1":"product","2":"type-product","3":"status-publish","4":"has-post-thumbnail","6":"product_cat-3-linien-paket","7":"product_cat-alle","9":"first","10":"instock","11":"taxable","12":"shipping-taxable","13":"purchasable","14":"product-type-variable","15":"layout-style-2","16":"col-md-4 col-sm-4 col-xs-6","17":"col-lg-3","18":"product-has-gallery","19":"product-style-default"},"_links":{"self":[{"href":"https:\/\/www.magicelek.com\/de\/wp-json\/wp\/v2\/product\/8038","targetHints":{"allow":["GET"]}}],"collection":[{"href":"https:\/\/www.magicelek.com\/de\/wp-json\/wp\/v2\/product"}],"about":[{"href":"https:\/\/www.magicelek.com\/de\/wp-json\/wp\/v2\/types\/product"}],"replies":[{"embeddable":true,"href":"https:\/\/www.magicelek.com\/de\/wp-json\/wp\/v2\/comments?post=8038"}],"version-history":[{"count":1,"href":"https:\/\/www.magicelek.com\/de\/wp-json\/wp\/v2\/product\/8038\/revisions"}],"predecessor-version":[{"id":10142,"href":"https:\/\/www.magicelek.com\/de\/wp-json\/wp\/v2\/product\/8038\/revisions\/10142"}],"wp:featuredmedia":[{"embeddable":true,"href":"https:\/\/www.magicelek.com\/de\/wp-json\/wp\/v2\/media\/8040"}],"wp:attachment":[{"href":"https:\/\/www.magicelek.com\/de\/wp-json\/wp\/v2\/media?parent=8038"}],"wp:term":[{"taxonomy":"product_brand","embeddable":true,"href":"https:\/\/www.magicelek.com\/de\/wp-json\/wp\/v2\/product_brand?post=8038"},{"taxonomy":"product_cat","embeddable":true,"href":"https:\/\/www.magicelek.com\/de\/wp-json\/wp\/v2\/product_cat?post=8038"},{"taxonomy":"product_tag","embeddable":true,"href":"https:\/\/www.magicelek.com\/de\/wp-json\/wp\/v2\/product_tag?post=8038"}],"curies":[{"name":"wp","href":"https:\/\/api.w.org\/{rel}","templated":true}]}}