{"id":7966,"date":"2024-02-24T21:18:30","date_gmt":"2024-02-24T21:18:30","guid":{"rendered":"https:\/\/www.magicelek.com\/produit\/magic-elek-anschlusskit-fuer-2-leitungen-ohne-erde\/"},"modified":"2026-04-29T10:48:05","modified_gmt":"2026-04-29T10:48:05","slug":"magic-elek-anschlusskit-fuer-2-leitungen-ohne-erde","status":"publish","type":"product","link":"https:\/\/www.magicelek.com\/de\/produit\/magic-elek-anschlusskit-fuer-2-leitungen-ohne-erde\/","title":{"rendered":"MAGIC ELEK &#8211; Anschlusskit f\u00fcr 2 Leitungen (ohne Erde)"},"content":{"rendered":"<p><strong>Unsere Adapter\/Stecker sind einfach zu verwenden. Sie sind wichtig, um die Verbindung zwischen dem elektrischen Strom und Ihrem Ger\u00e4t herzustellen. In diesem Kit sind alle notwendigen Zubeh\u00f6rteile f\u00fcr eine vollst\u00e4ndige und perfekte Installation enthalten.  <\/strong><\/p>\n<ul>\n<li>Der erste 2-Leiter-Stecker (ohne Erdung) mit einer Buchse ist f\u00fcr den Anschluss an Multimediaprodukte (Fernseher, Tablets, Schalter, Projektoren usw.) gedacht.<\/li>\n<li>Der zweite Anschluss ist mit einem Stecker f\u00fcr den 230V-Strom verbunden.<\/li>\n<\/ul>\n<div><strong>In diesem Kit enthalten  <\/strong><\/div>\n<div>2 x Steckverbinder, die als Adapter dienen, werden mitgeliefert, um die Kabelenden mit dem Stromausgang auf der einen Seite und dem elektrischen oder elektronischen Produkt (Leuchte, Fernseher) auf der anderen Seite zu verbinden.<\/div>\n<div>1 x Stecker, 1 x Buchse werden geliefert, um alle Arten von Installationen und Ger\u00e4ten zu unterst\u00fctzen.<\/div>\n<div>2 x doppelseitiges Klebeband zum Ankleben der Anschl\u00fcsse<\/div>\n<div>1 x Schraubendreher<\/div>\n<div>1 x Benutzerhandbuch mit Abbildung<\/div>\n","protected":false},"excerpt":{"rendered":"<p>Unsere Adapter sind einfach zu verwenden. Sie sind wichtig, um die Verbindung zwischen dem elektrischen Strom und Ihrem Ger\u00e4t herzustellen. In diesem Kit finden Sie ein Paar Steckverbinder (Schutzgeh\u00e4use + Domino): Jeder Steckverbinder ist mit einem herk\u00f6mmlichen 15 cm langen Kabel verbunden, das mit einem flachen m\u00e4nnlichen Stecker und einer flachen weiblichen Buchse endet. Dies erm\u00f6glicht es Ihnen, den Strom auf der einen Seite (flacher Stecker) aufzunehmen und Ihr Ger\u00e4t auf der anderen Seite (flache Buchse) \u00fcber unser ultraflaches Kabel in der Mitte der Verbindung anzuschlie\u00dfen. Hier finden Sie auch das Zubeh\u00f6r f\u00fcr die Montage (Schraubenzieher + doppelseitiges Klebeband + Klebstoff).<\/p>\n","protected":false},"featured_media":9870,"comment_status":"closed","ping_status":"closed","template":"","meta":[],"product_brand":[],"product_cat":[140,142],"product_tag":[],"class_list":{"0":"post-7966","1":"product","2":"type-product","3":"status-publish","4":"has-post-thumbnail","6":"product_cat-alle","7":"product_cat-schuttgut","9":"first","10":"instock","11":"taxable","12":"shipping-taxable","13":"purchasable","14":"product-type-simple","15":"layout-style-2","16":"col-md-4 col-sm-4 col-xs-6","17":"col-lg-3","18":"product-has-gallery","19":"product-style-default"},"_links":{"self":[{"href":"https:\/\/www.magicelek.com\/de\/wp-json\/wp\/v2\/product\/7966","targetHints":{"allow":["GET"]}}],"collection":[{"href":"https:\/\/www.magicelek.com\/de\/wp-json\/wp\/v2\/product"}],"about":[{"href":"https:\/\/www.magicelek.com\/de\/wp-json\/wp\/v2\/types\/product"}],"replies":[{"embeddable":true,"href":"https:\/\/www.magicelek.com\/de\/wp-json\/wp\/v2\/comments?post=7966"}],"version-history":[{"count":1,"href":"https:\/\/www.magicelek.com\/de\/wp-json\/wp\/v2\/product\/7966\/revisions"}],"predecessor-version":[{"id":10173,"href":"https:\/\/www.magicelek.com\/de\/wp-json\/wp\/v2\/product\/7966\/revisions\/10173"}],"wp:featuredmedia":[{"embeddable":true,"href":"https:\/\/www.magicelek.com\/de\/wp-json\/wp\/v2\/media\/9870"}],"wp:attachment":[{"href":"https:\/\/www.magicelek.com\/de\/wp-json\/wp\/v2\/media?parent=7966"}],"wp:term":[{"taxonomy":"product_brand","embeddable":true,"href":"https:\/\/www.magicelek.com\/de\/wp-json\/wp\/v2\/product_brand?post=7966"},{"taxonomy":"product_cat","embeddable":true,"href":"https:\/\/www.magicelek.com\/de\/wp-json\/wp\/v2\/product_cat?post=7966"},{"taxonomy":"product_tag","embeddable":true,"href":"https:\/\/www.magicelek.com\/de\/wp-json\/wp\/v2\/product_tag?post=7966"}],"curies":[{"name":"wp","href":"https:\/\/api.w.org\/{rel}","templated":true}]}}